{"id":18,"date":"2025-02-19T14:15:55","date_gmt":"2025-02-19T14:15:55","guid":{"rendered":"https:\/\/test.narkekok.se\/?page_id=18"},"modified":"2025-02-19T14:15:55","modified_gmt":"2025-02-19T14:15:55","slug":"helt-nytt-kok","status":"publish","type":"page","link":"https:\/\/test.narkekok.se\/index.php\/helt-nytt-kok\/","title":{"rendered":"Helt nytt k\u00f6k"},"content":{"rendered":"","protected":false},"excerpt":{"rendered":"","protected":false},"author":1,"featured_media":0,"parent":0,"menu_order":0,"comment_status":"closed","ping_status":"closed","template":"","meta":{"footnotes":""},"class_list":["post-18","page","type-page","status-publish","hentry"],"yoast_head":"<!-- This site is optimized with the Yoast SEO plugin v24.5 - https:\/\/yoast.com\/wordpress\/plugins\/seo\/ -->\n<title>Helt nytt k\u00f6k - Klar\u00e4lvsk\u00f6k<\/title>\n<meta name=\"robots\" content=\"index, follow, max-snippet:-1, max-image-preview:large, max-video-preview:-1\" \/>\n<link rel=\"canonical\" href=\"https:\/\/test.narkekok.se\/index.php\/helt-nytt-kok\/\" \/>\n<meta property=\"og:locale\" content=\"sv_SE\" \/>\n<meta property=\"og:type\" content=\"article\" \/>\n<meta property=\"og:title\" content=\"Helt nytt k\u00f6k - Klar\u00e4lvsk\u00f6k\" \/>\n<meta property=\"og:url\" content=\"https:\/\/test.narkekok.se\/index.php\/helt-nytt-kok\/\" \/>\n<meta property=\"og:site_name\" content=\"Klar\u00e4lvsk\u00f6k\" \/>\n<meta name=\"twitter:card\" content=\"summary_large_image\" \/>\n<script type=\"application\/ld+json\" class=\"yoast-schema-graph\">{\"@context\":\"https:\/\/schema.org\",\"@graph\":[{\"@type\":\"WebPage\",\"@id\":\"https:\/\/test.narkekok.se\/index.php\/helt-nytt-kok\/\",\"url\":\"https:\/\/test.narkekok.se\/index.php\/helt-nytt-kok\/\",\"name\":\"Helt nytt k\u00f6k - Klar\u00e4lvsk\u00f6k\",\"isPartOf\":{\"@id\":\"https:\/\/test.narkekok.se\/#website\"},\"datePublished\":\"2025-02-19T14:15:55+00:00\",\"breadcrumb\":{\"@id\":\"https:\/\/test.narkekok.se\/index.php\/helt-nytt-kok\/#breadcrumb\"},\"inLanguage\":\"sv-SE\",\"potentialAction\":[{\"@type\":\"ReadAction\",\"target\":[\"https:\/\/test.narkekok.se\/index.php\/helt-nytt-kok\/\"]}]},{\"@type\":\"BreadcrumbList\",\"@id\":\"https:\/\/test.narkekok.se\/index.php\/helt-nytt-kok\/#breadcrumb\",\"itemListElement\":[{\"@type\":\"ListItem\",\"position\":1,\"name\":\"Hem\",\"item\":\"https:\/\/test.narkekok.se\/\"},{\"@type\":\"ListItem\",\"position\":2,\"name\":\"Helt nytt k\u00f6k\"}]},{\"@type\":\"WebSite\",\"@id\":\"https:\/\/test.narkekok.se\/#website\",\"url\":\"https:\/\/test.narkekok.se\/\",\"name\":\"Klar\u00e4lvsk\u00f6k\",\"description\":\"\",\"potentialAction\":[{\"@type\":\"SearchAction\",\"target\":{\"@type\":\"EntryPoint\",\"urlTemplate\":\"https:\/\/test.narkekok.se\/?s={search_term_string}\"},\"query-input\":{\"@type\":\"PropertyValueSpecification\",\"valueRequired\":true,\"valueName\":\"search_term_string\"}}],\"inLanguage\":\"sv-SE\"}]}<\/script>\n<!-- \/ Yoast SEO plugin. -->","yoast_head_json":{"title":"Helt nytt k\u00f6k - Klar\u00e4lvsk\u00f6k","robots":{"index":"index","follow":"follow","max-snippet":"max-snippet:-1","max-image-preview":"max-image-preview:large","max-video-preview":"max-video-preview:-1"},"canonical":"https:\/\/test.narkekok.se\/index.php\/helt-nytt-kok\/","og_locale":"sv_SE","og_type":"article","og_title":"Helt nytt k\u00f6k - Klar\u00e4lvsk\u00f6k","og_url":"https:\/\/test.narkekok.se\/index.php\/helt-nytt-kok\/","og_site_name":"Klar\u00e4lvsk\u00f6k","twitter_card":"summary_large_image","schema":{"@context":"https:\/\/schema.org","@graph":[{"@type":"WebPage","@id":"https:\/\/test.narkekok.se\/index.php\/helt-nytt-kok\/","url":"https:\/\/test.narkekok.se\/index.php\/helt-nytt-kok\/","name":"Helt nytt k\u00f6k - Klar\u00e4lvsk\u00f6k","isPartOf":{"@id":"https:\/\/test.narkekok.se\/#website"},"datePublished":"2025-02-19T14:15:55+00:00","breadcrumb":{"@id":"https:\/\/test.narkekok.se\/index.php\/helt-nytt-kok\/#breadcrumb"},"inLanguage":"sv-SE","potentialAction":[{"@type":"ReadAction","target":["https:\/\/test.narkekok.se\/index.php\/helt-nytt-kok\/"]}]},{"@type":"BreadcrumbList","@id":"https:\/\/test.narkekok.se\/index.php\/helt-nytt-kok\/#breadcrumb","itemListElement":[{"@type":"ListItem","position":1,"name":"Hem","item":"https:\/\/test.narkekok.se\/"},{"@type":"ListItem","position":2,"name":"Helt nytt k\u00f6k"}]},{"@type":"WebSite","@id":"https:\/\/test.narkekok.se\/#website","url":"https:\/\/test.narkekok.se\/","name":"Klar\u00e4lvsk\u00f6k","description":"","potentialAction":[{"@type":"SearchAction","target":{"@type":"EntryPoint","urlTemplate":"https:\/\/test.narkekok.se\/?s={search_term_string}"},"query-input":{"@type":"PropertyValueSpecification","valueRequired":true,"valueName":"search_term_string"}}],"inLanguage":"sv-SE"}]}},"_links":{"self":[{"href":"https:\/\/test.narkekok.se\/index.php\/wp-json\/wp\/v2\/pages\/18","targetHints":{"allow":["GET"]}}],"collection":[{"href":"https:\/\/test.narkekok.se\/index.php\/wp-json\/wp\/v2\/pages"}],"about":[{"href":"https:\/\/test.narkekok.se\/index.php\/wp-json\/wp\/v2\/types\/page"}],"author":[{"embeddable":true,"href":"https:\/\/test.narkekok.se\/index.php\/wp-json\/wp\/v2\/users\/1"}],"replies":[{"embeddable":true,"href":"https:\/\/test.narkekok.se\/index.php\/wp-json\/wp\/v2\/comments?post=18"}],"version-history":[{"count":1,"href":"https:\/\/test.narkekok.se\/index.php\/wp-json\/wp\/v2\/pages\/18\/revisions"}],"predecessor-version":[{"id":19,"href":"https:\/\/test.narkekok.se\/index.php\/wp-json\/wp\/v2\/pages\/18\/revisions\/19"}],"wp:attachment":[{"href":"https:\/\/test.narkekok.se\/index.php\/wp-json\/wp\/v2\/media?parent=18"}],"curies":[{"name":"wp","href":"https:\/\/api.w.org\/{rel}","templated":true}]}}