{"id":42,"date":"2025-02-19T14:17:35","date_gmt":"2025-02-19T14:17:35","guid":{"rendered":"https:\/\/test.narkekok.se\/?page_id=42"},"modified":"2025-02-19T21:14:58","modified_gmt":"2025-02-19T21:14:58","slug":"boka-gratis-hembesok","status":"publish","type":"page","link":"https:\/\/test.narkekok.se\/index.php\/boka-gratis-hembesok\/","title":{"rendered":"Boka gratis hembes\u00f6k"},"content":{"rendered":"\t\t<div data-elementor-type=\"wp-page\" data-elementor-id=\"42\" class=\"elementor elementor-42\" data-elementor-settings=\"[]\">\n\t\t\t\t\t\t\t<div class=\"elementor-section-wrap\">\n\t\t\t\t\t\t\t<section class=\"elementor-section elementor-top-section elementor-element elementor-element-3d0ab0d elementor-section-boxed elementor-section-height-default elementor-section-height-default\" data-id=\"3d0ab0d\" data-element_type=\"section\">\n\t\t\t\t\t\t<div class=\"elementor-container elementor-column-gap-default\">\n\t\t\t\t\t<div class=\"elementor-column elementor-col-50 elementor-top-column elementor-element elementor-element-889b8a9\" data-id=\"889b8a9\" data-element_type=\"column\">\n\t\t\t<div class=\"elementor-widget-wrap elementor-element-populated\">\n\t\t\t\t\t\t\t\t<div class=\"elementor-element elementor-element-3e22112 elementor-widget elementor-widget-image\" data-id=\"3e22112\" data-element_type=\"widget\" data-widget_type=\"image.default\">\n\t\t\t\t<div class=\"elementor-widget-container\">\n\t\t\t<style>\/*! elementor - v3.5.1 - 20-12-2021 *\/\n.elementor-widget-image{text-align:center}.elementor-widget-image a{display:inline-block}.elementor-widget-image a img[src$=\".svg\"]{width:48px}.elementor-widget-image img{vertical-align:middle;display:inline-block}<\/style>\t\t\t\t\t\t\t\t\t\t\t\t<img decoding=\"async\" src=\"https:\/\/test.narkekok.se\/wp-content\/plugins\/elementor\/assets\/images\/placeholder.png\" title=\"\" alt=\"\" \/>\t\t\t\t\t\t\t\t\t\t\t\t\t\t\t<\/div>\n\t\t\t\t<\/div>\n\t\t\t\t\t<\/div>\n\t\t<\/div>\n\t\t\t\t<div class=\"elementor-column elementor-col-50 elementor-top-column elementor-element elementor-element-5b095dd\" data-id=\"5b095dd\" data-element_type=\"column\">\n\t\t\t<div class=\"elementor-widget-wrap elementor-element-populated\">\n\t\t\t\t\t\t\t\t<div class=\"elementor-element elementor-element-e318db0 elementor-widget elementor-widget-text-editor\" data-id=\"e318db0\" data-element_type=\"widget\" data-widget_type=\"text-editor.default\">\n\t\t\t\t<div class=\"elementor-widget-container\">\n\t\t\t<style>\/*! elementor - v3.5.1 - 20-12-2021 *\/\n.elementor-widget-text-editor.elementor-drop-cap-view-stacked .elementor-drop-cap{background-color:#818a91;color:#fff}.elementor-widget-text-editor.elementor-drop-cap-view-framed .elementor-drop-cap{color:#818a91;border:3px solid;background-color:transparent}.elementor-widget-text-editor:not(.elementor-drop-cap-view-default) .elementor-drop-cap{margin-top:8px}.elementor-widget-text-editor:not(.elementor-drop-cap-view-default) .elementor-drop-cap-letter{width:1em;height:1em}.elementor-widget-text-editor .elementor-drop-cap{float:left;text-align:center;line-height:1;font-size:50px}.elementor-widget-text-editor .elementor-drop-cap-letter{display:inline-block}<\/style>\t\t\t\t<p>Vid ett gratis hembes\u00f6k kommer en s\u00e4ljare hem till dig. S\u00e4ljare har med sig alla f\u00e4rger och modeller, men \u00e4ven handtag, b\u00e4nkskivor och liknande. S\u00e4ljaren kan \u00e4ven hj\u00e4lpa dig att v\u00e4lja ut ett bra vitvarupaket om det \u00e4r aktuellt f\u00f6r just ditt k\u00f6k.<\/p><p>Under hembes\u00f6ket g\u00e5r ni igenom vilken l\u00f6sning som \u00e4r b\u00e4st f\u00f6r ditt k\u00f6k. Ni f\u00e5r v\u00e4lja f\u00e4rg, modell, handtag och andra val som kan vara aktuella f\u00f6r just dig.<\/p><p>N\u00e4r du gjort alla val kommer s\u00e4ljaren r\u00e4kna ut vad ditt k\u00f6k kostar och du f\u00e5r ett pris.\u00a0<\/p><p>N\u00e4r du har skrivit p\u00e5 k\u00f6peavtalet tar s\u00e4ljaren alla m\u00e5tt och k\u00f6ket best\u00e4lls omg\u00e5ende.<\/p>\t\t\t\t\t\t<\/div>\n\t\t\t\t<\/div>\n\t\t\t\t<div class=\"elementor-element elementor-element-be16400 elementor-widget elementor-widget-heading\" data-id=\"be16400\" data-element_type=\"widget\" data-widget_type=\"heading.default\">\n\t\t\t\t<div class=\"elementor-widget-container\">\n\t\t\t<style>\/*! elementor - v3.5.1 - 20-12-2021 *\/\n.elementor-heading-title{padding:0;margin:0;line-height:1}.elementor-widget-heading .elementor-heading-title[class*=elementor-size-]>a{color:inherit;font-size:inherit;line-height:inherit}.elementor-widget-heading .elementor-heading-title.elementor-size-small{font-size:15px}.elementor-widget-heading .elementor-heading-title.elementor-size-medium{font-size:19px}.elementor-widget-heading .elementor-heading-title.elementor-size-large{font-size:29px}.elementor-widget-heading .elementor-heading-title.elementor-size-xl{font-size:39px}.elementor-widget-heading .elementor-heading-title.elementor-size-xxl{font-size:59px}<\/style><h2 class=\"elementor-heading-title elementor-size-default\">Vad kostar det?<\/h2>\t\t<\/div>\n\t\t\t\t<\/div>\n\t\t\t\t<div class=\"elementor-element elementor-element-4b6dd42 elementor-widget elementor-widget-text-editor\" data-id=\"4b6dd42\" data-element_type=\"widget\" data-widget_type=\"text-editor.default\">\n\t\t\t\t<div class=\"elementor-widget-container\">\n\t\t\t\t\t\t\t<p>Vad ett helt k\u00f6k skulle kosta \u00e4r om\u00f6jligt att svara p\u00e5. Det \u00e4r s\u00e5 m\u00e5nga val som spelar in. Det beror ocks\u00e5 p\u00e5 hur mycket du vill byta ut, f\u00f6r med Klar\u00e4lvsk\u00f6k kan du byta det du beh\u00f6ver byta, allt fr\u00e5n luckor &amp; l\u00e5dfronter till hela k\u00f6ket!<\/p>\t\t\t\t\t\t<\/div>\n\t\t\t\t<\/div>\n\t\t\t\t\t<\/div>\n\t\t<\/div>\n\t\t\t\t\t\t\t<\/div>\n\t\t<\/section>\n\t\t\t\t<section class=\"elementor-section elementor-top-section elementor-element elementor-element-0f9a57f elementor-section-boxed elementor-section-height-default elementor-section-height-default\" data-id=\"0f9a57f\" data-element_type=\"section\">\n\t\t\t\t\t\t<div class=\"elementor-container elementor-column-gap-default\">\n\t\t\t\t\t<div class=\"elementor-column elementor-col-100 elementor-top-column elementor-element elementor-element-cc11d2f\" data-id=\"cc11d2f\" data-element_type=\"column\">\n\t\t\t<div class=\"elementor-widget-wrap elementor-element-populated\">\n\t\t\t\t\t\t\t\t<div class=\"elementor-element elementor-element-d0fec42 elementor-button-align-stretch elementor-widget elementor-widget-form\" data-id=\"d0fec42\" data-element_type=\"widget\" data-settings=\"{&quot;step_next_label&quot;:&quot;Next&quot;,&quot;step_previous_label&quot;:&quot;Previous&quot;,&quot;button_width&quot;:&quot;100&quot;,&quot;step_type&quot;:&quot;number_text&quot;,&quot;step_icon_shape&quot;:&quot;circle&quot;}\" data-widget_type=\"form.default\">\n\t\t\t\t<div class=\"elementor-widget-container\">\n\t\t\t<style>\/*! elementor-pro - v3.5.2 - 28-11-2021 *\/\n.elementor-button.elementor-hidden,.elementor-hidden{display:none}.e-form__step{width:100%}.e-form__step:not(.elementor-hidden){display:-webkit-box;display:-ms-flexbox;display:flex;-ms-flex-wrap:wrap;flex-wrap:wrap}.e-form__buttons{-ms-flex-wrap:wrap;flex-wrap:wrap}.e-form__buttons,.e-form__buttons__wrapper{display:-webkit-box;display:-ms-flexbox;display:flex}.e-form__indicators{-webkit-box-pack:justify;-ms-flex-pack:justify;justify-content:space-between;-ms-flex-wrap:nowrap;flex-wrap:nowrap;font-size:13px;margin-bottom:var(--e-form-steps-indicators-spacing)}.e-form__indicators,.e-form__indicators__indicator{display:-webkit-box;display:-ms-flexbox;display:flex;-webkit-box-align:center;-ms-flex-align:center;align-items:center}.e-form__indicators__indicator{-webkit-box-orient:vertical;-webkit-box-direction:normal;-ms-flex-direction:column;flex-direction:column;-webkit-box-pack:center;-ms-flex-pack:center;justify-content:center;-ms-flex-preferred-size:0;flex-basis:0;padding:0 var(--e-form-steps-divider-gap)}.e-form__indicators__indicator__progress{width:100%;position:relative;background-color:var(--e-form-steps-indicator-progress-background-color);border-radius:var(--e-form-steps-indicator-progress-border-radius);overflow:hidden}.e-form__indicators__indicator__progress__meter{width:var(--e-form-steps-indicator-progress-meter-width,0);height:var(--e-form-steps-indicator-progress-height);line-height:var(--e-form-steps-indicator-progress-height);padding-right:15px;border-radius:var(--e-form-steps-indicator-progress-border-radius);background-color:var(--e-form-steps-indicator-progress-color);color:var(--e-form-steps-indicator-progress-meter-color);text-align:right;-webkit-transition:width .1s linear;-o-transition:width .1s linear;transition:width .1s linear}.e-form__indicators__indicator:first-child{padding-left:0}.e-form__indicators__indicator:last-child{padding-right:0}.e-form__indicators__indicator--state-inactive{color:var(--e-form-steps-indicator-inactive-primary-color,#c2cbd2)}.e-form__indicators__indicator--state-inactive [class*=indicator--shape-]:not(.e-form__indicators__indicator--shape-none){background-color:var(--e-form-steps-indicator-inactive-secondary-color,#fff)}.e-form__indicators__indicator--state-inactive object,.e-form__indicators__indicator--state-inactive svg{fill:var(--e-form-steps-indicator-inactive-primary-color,#c2cbd2)}.e-form__indicators__indicator--state-active{color:var(--e-form-steps-indicator-active-primary-color,#39b54a);border-color:var(--e-form-steps-indicator-active-secondary-color,#fff)}.e-form__indicators__indicator--state-active [class*=indicator--shape-]:not(.e-form__indicators__indicator--shape-none){background-color:var(--e-form-steps-indicator-active-secondary-color,#fff)}.e-form__indicators__indicator--state-active object,.e-form__indicators__indicator--state-active svg{fill:var(--e-form-steps-indicator-active-primary-color,#39b54a)}.e-form__indicators__indicator--state-completed{color:var(--e-form-steps-indicator-completed-secondary-color,#fff)}.e-form__indicators__indicator--state-completed [class*=indicator--shape-]:not(.e-form__indicators__indicator--shape-none){background-color:var(--e-form-steps-indicator-completed-primary-color,#39b54a)}.e-form__indicators__indicator--state-completed .e-form__indicators__indicator__label{color:var(--e-form-steps-indicator-completed-primary-color,#39b54a)}.e-form__indicators__indicator--state-completed .e-form__indicators__indicator--shape-none{color:var(--e-form-steps-indicator-completed-primary-color,#39b54a);background-color:initial}.e-form__indicators__indicator--state-completed object,.e-form__indicators__indicator--state-completed svg{fill:var(--e-form-steps-indicator-completed-secondary-color,#fff)}.e-form__indicators__indicator__icon{width:var(--e-form-steps-indicator-padding,30px);height:var(--e-form-steps-indicator-padding,30px);font-size:var(--e-form-steps-indicator-icon-size);border-width:1px;border-style:solid;display:-webkit-box;display:-ms-flexbox;display:flex;-webkit-box-pack:center;-ms-flex-pack:center;justify-content:center;-webkit-box-align:center;-ms-flex-align:center;align-items:center;overflow:hidden;margin-bottom:10px}.e-form__indicators__indicator__icon img,.e-form__indicators__indicator__icon object,.e-form__indicators__indicator__icon svg{width:var(--e-form-steps-indicator-icon-size);height:auto}.e-form__indicators__indicator__icon .e-font-icon-svg{height:1em}.e-form__indicators__indicator__number{width:var(--e-form-steps-indicator-padding,30px);height:var(--e-form-steps-indicator-padding,30px);border-width:1px;border-style:solid;display:-webkit-box;display:-ms-flexbox;display:flex;-webkit-box-pack:center;-ms-flex-pack:center;justify-content:center;-webkit-box-align:center;-ms-flex-align:center;align-items:center;margin-bottom:10px}.e-form__indicators__indicator--shape-circle{border-radius:50%}.e-form__indicators__indicator--shape-square{border-radius:0}.e-form__indicators__indicator--shape-rounded{border-radius:5px}.e-form__indicators__indicator--shape-none{border:0}.e-form__indicators__indicator__label{text-align:center}.e-form__indicators__indicator__separator{width:100%;height:var(--e-form-steps-divider-width);background-color:#c2cbd2}.e-form__indicators--type-icon,.e-form__indicators--type-icon_text,.e-form__indicators--type-number,.e-form__indicators--type-number_text{-webkit-box-align:start;-ms-flex-align:start;align-items:flex-start}.e-form__indicators--type-icon .e-form__indicators__indicator__separator,.e-form__indicators--type-icon_text .e-form__indicators__indicator__separator,.e-form__indicators--type-number .e-form__indicators__indicator__separator,.e-form__indicators--type-number_text .e-form__indicators__indicator__separator{margin-top:calc(var(--e-form-steps-indicator-padding, 30px) \/ 2 - var(--e-form-steps-divider-width, 1px) \/ 2)}.elementor-field-type-hidden{display:none}.elementor-field-type-html{display:inline-block}.elementor-login .elementor-lost-password,.elementor-login .elementor-remember-me{font-size:.85em}.elementor-field-type-recaptcha_v3 .elementor-field-label{display:none}.elementor-field-type-recaptcha_v3 .grecaptcha-badge{z-index:1}.elementor-button .elementor-form-spinner{-webkit-box-ordinal-group:4;-ms-flex-order:3;order:3}.elementor-form .elementor-button>span{display:-webkit-box;display:-ms-flexbox;display:flex;-webkit-box-pack:center;-ms-flex-pack:center;justify-content:center;-webkit-box-align:center;-ms-flex-align:center;align-items:center}.elementor-form .elementor-button .elementor-button-text{white-space:normal;-webkit-box-flex:0;-ms-flex-positive:0;flex-grow:0}.elementor-form .elementor-button svg{height:auto}.elementor-form .elementor-button .e-font-icon-svg{height:1em}<\/style>\t\t<form class=\"elementor-form\" method=\"post\" name=\"New Form\">\n\t\t\t<input type=\"hidden\" name=\"post_id\" value=\"42\"\/>\n\t\t\t<input type=\"hidden\" name=\"form_id\" value=\"d0fec42\"\/>\n\t\t\t<input type=\"hidden\" name=\"referer_title\" value=\"Klar\u00e4lvsk\u00f6k\" \/>\n\n\t\t\t\n\t\t\t<div class=\"elementor-form-fields-wrapper elementor-labels-above\">\n\t\t\t\t\t\t\t\t<div class=\"elementor-field-type-text elementor-field-group elementor-column elementor-field-group-name elementor-col-100 elementor-field-required elementor-mark-required\">\n\t\t\t\t\t\t\t\t\t\t\t\t<label for=\"form-field-name\" class=\"elementor-field-label\">\n\t\t\t\t\t\t\t\tNamn\t\t\t\t\t\t\t<\/label>\n\t\t\t\t\t\t\t\t\t\t\t\t\t\t<input size=\"1\" type=\"text\" name=\"form_fields[name]\" id=\"form-field-name\" class=\"elementor-field elementor-size-sm  elementor-field-textual\" placeholder=\"Namn\" required=\"required\" aria-required=\"true\">\n\t\t\t\t\t\t\t\t\t\t\t<\/div>\n\t\t\t\t\t\t\t\t<div class=\"elementor-field-type-email elementor-field-group elementor-column elementor-field-group-email elementor-col-100 elementor-field-required elementor-mark-required\">\n\t\t\t\t\t\t\t\t\t\t\t\t<label for=\"form-field-email\" class=\"elementor-field-label\">\n\t\t\t\t\t\t\t\tEmail\t\t\t\t\t\t\t<\/label>\n\t\t\t\t\t\t\t\t\t\t\t\t\t\t<input size=\"1\" type=\"email\" name=\"form_fields[email]\" id=\"form-field-email\" class=\"elementor-field elementor-size-sm  elementor-field-textual\" placeholder=\"Email\" required=\"required\" aria-required=\"true\">\n\t\t\t\t\t\t\t\t\t\t\t<\/div>\n\t\t\t\t\t\t\t\t<div class=\"elementor-field-type-text elementor-field-group elementor-column elementor-field-group-field_8a2ca1f elementor-col-100 elementor-field-required elementor-mark-required\">\n\t\t\t\t\t\t\t\t\t\t\t\t<label for=\"form-field-field_8a2ca1f\" class=\"elementor-field-label\">\n\t\t\t\t\t\t\t\tKommun\t\t\t\t\t\t\t<\/label>\n\t\t\t\t\t\t\t\t\t\t\t\t\t\t<input size=\"1\" type=\"text\" name=\"form_fields[field_8a2ca1f]\" id=\"form-field-field_8a2ca1f\" class=\"elementor-field elementor-size-sm  elementor-field-textual\" placeholder=\"Kommun\" required=\"required\" aria-required=\"true\">\n\t\t\t\t\t\t\t\t\t\t\t<\/div>\n\t\t\t\t\t\t\t\t<div class=\"elementor-field-type-number elementor-field-group elementor-column elementor-field-group-field_ae9beb7 elementor-col-100\">\n\t\t\t\t\t\t\t\t\t\t\t\t<label for=\"form-field-field_ae9beb7\" class=\"elementor-field-label\">\n\t\t\t\t\t\t\t\tBudget\t\t\t\t\t\t\t<\/label>\n\t\t\t\t\t\t\t\t\t<input type=\"number\" name=\"form_fields[field_ae9beb7]\" id=\"form-field-field_ae9beb7\" class=\"elementor-field elementor-size-sm  elementor-field-textual\" placeholder=\"100 000\" min=\"40000\" max=\"500000\" >\n\t\t\t\t\t\t<\/div>\n\t\t\t\t\t\t\t\t<div class=\"elementor-field-group elementor-column elementor-field-type-submit elementor-col-100 e-form__buttons\">\n\t\t\t\t\t<button type=\"submit\" class=\"elementor-button elementor-size-sm\">\n\t\t\t\t\t\t<span >\n\t\t\t\t\t\t\t\t\t\t\t\t\t\t\t<span class=\" elementor-button-icon\">\n\t\t\t\t\t\t\t\t\t\t\t\t\t\t\t\t\t\t\t\t\t\t\t\t\t\t<\/span>\n\t\t\t\t\t\t\t\t\t\t\t\t\t\t\t\t\t\t\t\t\t\t<span class=\"elementor-button-text\">Skicka<\/span>\n\t\t\t\t\t\t\t\t\t\t\t\t\t<\/span>\n\t\t\t\t\t<\/button>\n\t\t\t\t<\/div>\n\t\t\t<\/div>\n\t\t<\/form>\n\t\t\t\t<\/div>\n\t\t\t\t<\/div>\n\t\t\t\t\t<\/div>\n\t\t<\/div>\n\t\t\t\t\t\t\t<\/div>\n\t\t<\/section>\n\t\t\t\t\t\t<\/div>\n\t\t\t\t\t<\/div>\n\t\t","protected":false},"excerpt":{"rendered":"<p>Vid ett gratis hembes\u00f6k kommer en s\u00e4ljare hem till dig. S\u00e4ljare har med sig alla f\u00e4rger och modeller, men \u00e4ven handtag, b\u00e4nkskivor och liknande. S\u00e4ljaren kan \u00e4ven hj\u00e4lpa dig att v\u00e4lja ut ett bra vitvarupaket om det \u00e4r aktuellt f\u00f6r just ditt k\u00f6k. Under hembes\u00f6ket g\u00e5r ni igenom vilken l\u00f6sning som \u00e4r b\u00e4st f\u00f6r ditt [&hellip;]<\/p>\n","protected":false},"author":1,"featured_media":0,"parent":0,"menu_order":0,"comment_status":"closed","ping_status":"closed","template":"","meta":{"footnotes":""},"class_list":["post-42","page","type-page","status-publish","hentry"],"yoast_head":"<!-- This site is optimized with the Yoast SEO plugin v24.5 - https:\/\/yoast.com\/wordpress\/plugins\/seo\/ -->\n<title>Boka gratis hembes\u00f6k - Klar\u00e4lvsk\u00f6k<\/title>\n<meta name=\"robots\" content=\"index, follow, max-snippet:-1, max-image-preview:large, max-video-preview:-1\" \/>\n<link rel=\"canonical\" href=\"https:\/\/test.narkekok.se\/index.php\/boka-gratis-hembesok\/\" \/>\n<meta property=\"og:locale\" content=\"sv_SE\" \/>\n<meta property=\"og:type\" content=\"article\" \/>\n<meta property=\"og:title\" content=\"Boka gratis hembes\u00f6k - Klar\u00e4lvsk\u00f6k\" \/>\n<meta property=\"og:description\" content=\"Vid ett gratis hembes\u00f6k kommer en s\u00e4ljare hem till dig. S\u00e4ljare har med sig alla f\u00e4rger och modeller, men \u00e4ven handtag, b\u00e4nkskivor och liknande. S\u00e4ljaren kan \u00e4ven hj\u00e4lpa dig att v\u00e4lja ut ett bra vitvarupaket om det \u00e4r aktuellt f\u00f6r just ditt k\u00f6k. Under hembes\u00f6ket g\u00e5r ni igenom vilken l\u00f6sning som \u00e4r b\u00e4st f\u00f6r ditt [&hellip;]\" \/>\n<meta property=\"og:url\" content=\"https:\/\/test.narkekok.se\/index.php\/boka-gratis-hembesok\/\" \/>\n<meta property=\"og:site_name\" content=\"Klar\u00e4lvsk\u00f6k\" \/>\n<meta property=\"article:modified_time\" content=\"2025-02-19T21:14:58+00:00\" \/>\n<meta property=\"og:image\" content=\"https:\/\/test.narkekok.se\/wp-content\/plugins\/elementor\/assets\/images\/placeholder.png\" \/>\n<meta name=\"twitter:card\" content=\"summary_large_image\" \/>\n<meta name=\"twitter:label1\" content=\"Ber\u00e4knad l\u00e4stid\" \/>\n\t<meta name=\"twitter:data1\" content=\"1 minut\" \/>\n<script type=\"application\/ld+json\" class=\"yoast-schema-graph\">{\"@context\":\"https:\/\/schema.org\",\"@graph\":[{\"@type\":\"WebPage\",\"@id\":\"https:\/\/test.narkekok.se\/index.php\/boka-gratis-hembesok\/\",\"url\":\"https:\/\/test.narkekok.se\/index.php\/boka-gratis-hembesok\/\",\"name\":\"Boka gratis hembes\u00f6k - Klar\u00e4lvsk\u00f6k\",\"isPartOf\":{\"@id\":\"https:\/\/test.narkekok.se\/#website\"},\"primaryImageOfPage\":{\"@id\":\"https:\/\/test.narkekok.se\/index.php\/boka-gratis-hembesok\/#primaryimage\"},\"image\":{\"@id\":\"https:\/\/test.narkekok.se\/index.php\/boka-gratis-hembesok\/#primaryimage\"},\"thumbnailUrl\":\"https:\/\/test.narkekok.se\/wp-content\/plugins\/elementor\/assets\/images\/placeholder.png\",\"datePublished\":\"2025-02-19T14:17:35+00:00\",\"dateModified\":\"2025-02-19T21:14:58+00:00\",\"breadcrumb\":{\"@id\":\"https:\/\/test.narkekok.se\/index.php\/boka-gratis-hembesok\/#breadcrumb\"},\"inLanguage\":\"sv-SE\",\"potentialAction\":[{\"@type\":\"ReadAction\",\"target\":[\"https:\/\/test.narkekok.se\/index.php\/boka-gratis-hembesok\/\"]}]},{\"@type\":\"ImageObject\",\"inLanguage\":\"sv-SE\",\"@id\":\"https:\/\/test.narkekok.se\/index.php\/boka-gratis-hembesok\/#primaryimage\",\"url\":\"https:\/\/test.narkekok.se\/wp-content\/plugins\/elementor\/assets\/images\/placeholder.png\",\"contentUrl\":\"https:\/\/test.narkekok.se\/wp-content\/plugins\/elementor\/assets\/images\/placeholder.png\"},{\"@type\":\"BreadcrumbList\",\"@id\":\"https:\/\/test.narkekok.se\/index.php\/boka-gratis-hembesok\/#breadcrumb\",\"itemListElement\":[{\"@type\":\"ListItem\",\"position\":1,\"name\":\"Hem\",\"item\":\"https:\/\/test.narkekok.se\/\"},{\"@type\":\"ListItem\",\"position\":2,\"name\":\"Boka gratis hembes\u00f6k\"}]},{\"@type\":\"WebSite\",\"@id\":\"https:\/\/test.narkekok.se\/#website\",\"url\":\"https:\/\/test.narkekok.se\/\",\"name\":\"Klar\u00e4lvsk\u00f6k\",\"description\":\"\",\"potentialAction\":[{\"@type\":\"SearchAction\",\"target\":{\"@type\":\"EntryPoint\",\"urlTemplate\":\"https:\/\/test.narkekok.se\/?s={search_term_string}\"},\"query-input\":{\"@type\":\"PropertyValueSpecification\",\"valueRequired\":true,\"valueName\":\"search_term_string\"}}],\"inLanguage\":\"sv-SE\"}]}<\/script>\n<!-- \/ Yoast SEO plugin. -->","yoast_head_json":{"title":"Boka gratis hembes\u00f6k - Klar\u00e4lvsk\u00f6k","robots":{"index":"index","follow":"follow","max-snippet":"max-snippet:-1","max-image-preview":"max-image-preview:large","max-video-preview":"max-video-preview:-1"},"canonical":"https:\/\/test.narkekok.se\/index.php\/boka-gratis-hembesok\/","og_locale":"sv_SE","og_type":"article","og_title":"Boka gratis hembes\u00f6k - Klar\u00e4lvsk\u00f6k","og_description":"Vid ett gratis hembes\u00f6k kommer en s\u00e4ljare hem till dig. S\u00e4ljare har med sig alla f\u00e4rger och modeller, men \u00e4ven handtag, b\u00e4nkskivor och liknande. S\u00e4ljaren kan \u00e4ven hj\u00e4lpa dig att v\u00e4lja ut ett bra vitvarupaket om det \u00e4r aktuellt f\u00f6r just ditt k\u00f6k. Under hembes\u00f6ket g\u00e5r ni igenom vilken l\u00f6sning som \u00e4r b\u00e4st f\u00f6r ditt [&hellip;]","og_url":"https:\/\/test.narkekok.se\/index.php\/boka-gratis-hembesok\/","og_site_name":"Klar\u00e4lvsk\u00f6k","article_modified_time":"2025-02-19T21:14:58+00:00","og_image":[{"url":"https:\/\/test.narkekok.se\/wp-content\/plugins\/elementor\/assets\/images\/placeholder.png","type":"","width":"","height":""}],"twitter_card":"summary_large_image","twitter_misc":{"Ber\u00e4knad l\u00e4stid":"1 minut"},"schema":{"@context":"https:\/\/schema.org","@graph":[{"@type":"WebPage","@id":"https:\/\/test.narkekok.se\/index.php\/boka-gratis-hembesok\/","url":"https:\/\/test.narkekok.se\/index.php\/boka-gratis-hembesok\/","name":"Boka gratis hembes\u00f6k - Klar\u00e4lvsk\u00f6k","isPartOf":{"@id":"https:\/\/test.narkekok.se\/#website"},"primaryImageOfPage":{"@id":"https:\/\/test.narkekok.se\/index.php\/boka-gratis-hembesok\/#primaryimage"},"image":{"@id":"https:\/\/test.narkekok.se\/index.php\/boka-gratis-hembesok\/#primaryimage"},"thumbnailUrl":"https:\/\/test.narkekok.se\/wp-content\/plugins\/elementor\/assets\/images\/placeholder.png","datePublished":"2025-02-19T14:17:35+00:00","dateModified":"2025-02-19T21:14:58+00:00","breadcrumb":{"@id":"https:\/\/test.narkekok.se\/index.php\/boka-gratis-hembesok\/#breadcrumb"},"inLanguage":"sv-SE","potentialAction":[{"@type":"ReadAction","target":["https:\/\/test.narkekok.se\/index.php\/boka-gratis-hembesok\/"]}]},{"@type":"ImageObject","inLanguage":"sv-SE","@id":"https:\/\/test.narkekok.se\/index.php\/boka-gratis-hembesok\/#primaryimage","url":"https:\/\/test.narkekok.se\/wp-content\/plugins\/elementor\/assets\/images\/placeholder.png","contentUrl":"https:\/\/test.narkekok.se\/wp-content\/plugins\/elementor\/assets\/images\/placeholder.png"},{"@type":"BreadcrumbList","@id":"https:\/\/test.narkekok.se\/index.php\/boka-gratis-hembesok\/#breadcrumb","itemListElement":[{"@type":"ListItem","position":1,"name":"Hem","item":"https:\/\/test.narkekok.se\/"},{"@type":"ListItem","position":2,"name":"Boka gratis hembes\u00f6k"}]},{"@type":"WebSite","@id":"https:\/\/test.narkekok.se\/#website","url":"https:\/\/test.narkekok.se\/","name":"Klar\u00e4lvsk\u00f6k","description":"","potentialAction":[{"@type":"SearchAction","target":{"@type":"EntryPoint","urlTemplate":"https:\/\/test.narkekok.se\/?s={search_term_string}"},"query-input":{"@type":"PropertyValueSpecification","valueRequired":true,"valueName":"search_term_string"}}],"inLanguage":"sv-SE"}]}},"_links":{"self":[{"href":"https:\/\/test.narkekok.se\/index.php\/wp-json\/wp\/v2\/pages\/42","targetHints":{"allow":["GET"]}}],"collection":[{"href":"https:\/\/test.narkekok.se\/index.php\/wp-json\/wp\/v2\/pages"}],"about":[{"href":"https:\/\/test.narkekok.se\/index.php\/wp-json\/wp\/v2\/types\/page"}],"author":[{"embeddable":true,"href":"https:\/\/test.narkekok.se\/index.php\/wp-json\/wp\/v2\/users\/1"}],"replies":[{"embeddable":true,"href":"https:\/\/test.narkekok.se\/index.php\/wp-json\/wp\/v2\/comments?post=42"}],"version-history":[{"count":13,"href":"https:\/\/test.narkekok.se\/index.php\/wp-json\/wp\/v2\/pages\/42\/revisions"}],"predecessor-version":[{"id":125,"href":"https:\/\/test.narkekok.se\/index.php\/wp-json\/wp\/v2\/pages\/42\/revisions\/125"}],"wp:attachment":[{"href":"https:\/\/test.narkekok.se\/index.php\/wp-json\/wp\/v2\/media?parent=42"}],"curies":[{"name":"wp","href":"https:\/\/api.w.org\/{rel}","templated":true}]}}