{"id":44,"date":"2025-02-19T14:17:42","date_gmt":"2025-02-19T14:17:42","guid":{"rendered":"https:\/\/test.narkekok.se\/?page_id=44"},"modified":"2025-02-19T15:50:41","modified_gmt":"2025-02-19T15:50:41","slug":"boka-koksplanering-i-butik","status":"publish","type":"page","link":"https:\/\/test.narkekok.se\/index.php\/boka-koksplanering-i-butik\/","title":{"rendered":"Boka k\u00f6ksplanering i butik"},"content":{"rendered":"\t\t<div data-elementor-type=\"wp-page\" data-elementor-id=\"44\" class=\"elementor elementor-44\" data-elementor-settings=\"[]\">\n\t\t\t\t\t\t\t<div class=\"elementor-section-wrap\">\n\t\t\t\t\t\t\t<section class=\"elementor-section elementor-top-section elementor-element elementor-element-4159c9b elementor-section-boxed elementor-section-height-default elementor-section-height-default\" data-id=\"4159c9b\" data-element_type=\"section\">\n\t\t\t\t\t\t<div class=\"elementor-container elementor-column-gap-default\">\n\t\t\t\t\t<div class=\"elementor-column elementor-col-50 elementor-top-column elementor-element elementor-element-ffbcb54\" data-id=\"ffbcb54\" data-element_type=\"column\">\n\t\t\t<div class=\"elementor-widget-wrap elementor-element-populated\">\n\t\t\t\t\t\t\t\t<div class=\"elementor-element elementor-element-8bf149f elementor-widget elementor-widget-image\" data-id=\"8bf149f\" data-element_type=\"widget\" data-widget_type=\"image.default\">\n\t\t\t\t<div class=\"elementor-widget-container\">\n\t\t\t<style>\/*! elementor - v3.5.1 - 20-12-2021 *\/\n.elementor-widget-image{text-align:center}.elementor-widget-image a{display:inline-block}.elementor-widget-image a img[src$=\".svg\"]{width:48px}.elementor-widget-image img{vertical-align:middle;display:inline-block}<\/style>\t\t\t\t\t\t\t\t\t\t\t\t\t<a href=\"https:\/\/test.narkekok.se\/wp-content\/uploads\/2025\/02\/Skarmbild-2025-02-19-164421.png\" data-elementor-open-lightbox=\"yes\" data-elementor-lightbox-title=\"Sk\u00e4rmbild 2025-02-19 164421\">\n\t\t\t\t\t\t\t<img loading=\"lazy\" decoding=\"async\" width=\"800\" height=\"461\" src=\"https:\/\/test.narkekok.se\/wp-content\/uploads\/2025\/02\/Skarmbild-2025-02-19-164421-1024x590.png\" class=\"attachment-large size-large\" alt=\"\" srcset=\"https:\/\/test.narkekok.se\/wp-content\/uploads\/2025\/02\/Skarmbild-2025-02-19-164421-1024x590.png 1024w, https:\/\/test.narkekok.se\/wp-content\/uploads\/2025\/02\/Skarmbild-2025-02-19-164421-300x173.png 300w, https:\/\/test.narkekok.se\/wp-content\/uploads\/2025\/02\/Skarmbild-2025-02-19-164421-768x442.png 768w, https:\/\/test.narkekok.se\/wp-content\/uploads\/2025\/02\/Skarmbild-2025-02-19-164421-1536x884.png 1536w, https:\/\/test.narkekok.se\/wp-content\/uploads\/2025\/02\/Skarmbild-2025-02-19-164421-2048x1179.png 2048w\" sizes=\"auto, (max-width: 800px) 100vw, 800px\" \/>\t\t\t\t\t\t\t\t<\/a>\n\t\t\t\t\t\t\t\t\t\t\t\t\t\t\t<\/div>\n\t\t\t\t<\/div>\n\t\t\t\t\t<\/div>\n\t\t<\/div>\n\t\t\t\t<div class=\"elementor-column elementor-col-50 elementor-top-column elementor-element elementor-element-ba77a88\" data-id=\"ba77a88\" data-element_type=\"column\">\n\t\t\t<div class=\"elementor-widget-wrap elementor-element-populated\">\n\t\t\t\t\t\t\t\t<div class=\"elementor-element elementor-element-7dd7866 elementor-widget elementor-widget-text-editor\" data-id=\"7dd7866\" data-element_type=\"widget\" data-widget_type=\"text-editor.default\">\n\t\t\t\t<div class=\"elementor-widget-container\">\n\t\t\t<style>\/*! elementor - v3.5.1 - 20-12-2021 *\/\n.elementor-widget-text-editor.elementor-drop-cap-view-stacked .elementor-drop-cap{background-color:#818a91;color:#fff}.elementor-widget-text-editor.elementor-drop-cap-view-framed .elementor-drop-cap{color:#818a91;border:3px solid;background-color:transparent}.elementor-widget-text-editor:not(.elementor-drop-cap-view-default) .elementor-drop-cap{margin-top:8px}.elementor-widget-text-editor:not(.elementor-drop-cap-view-default) .elementor-drop-cap-letter{width:1em;height:1em}.elementor-widget-text-editor .elementor-drop-cap{float:left;text-align:center;line-height:1;font-size:50px}.elementor-widget-text-editor .elementor-drop-cap-letter{display:inline-block}<\/style>\t\t\t\t<p>N\u00e4r du bokar en tid h\u00e4r f\u00e5r du sitta ner i v\u00e5r butik i \u00d6rebro i tre timmar med en k\u00f6ksexpert och planera ditt k\u00f6k. Du m\u00e5ste sj\u00e4lv ta med m\u00e5tten p\u00e5 ditt k\u00f6k. Vid order \u00e5ker vi hem till dig och kontrollm\u00e4ter allt, vi tar allts\u00e5 ansvar f\u00f6r alla m\u00e5tt.<\/p><p>Fyll i formul\u00e4ret nedan s\u00e5 h\u00f6r k\u00f6ksexperten av sig s\u00e5 fort som m\u00f6jligt och bokar en tid!<\/p>\t\t\t\t\t\t<\/div>\n\t\t\t\t<\/div>\n\t\t\t\t<div class=\"elementor-element elementor-element-9e64a29 elementor-widget elementor-widget-heading\" data-id=\"9e64a29\" data-element_type=\"widget\" data-widget_type=\"heading.default\">\n\t\t\t\t<div class=\"elementor-widget-container\">\n\t\t\t<style>\/*! elementor - v3.5.1 - 20-12-2021 *\/\n.elementor-heading-title{padding:0;margin:0;line-height:1}.elementor-widget-heading .elementor-heading-title[class*=elementor-size-]>a{color:inherit;font-size:inherit;line-height:inherit}.elementor-widget-heading .elementor-heading-title.elementor-size-small{font-size:15px}.elementor-widget-heading .elementor-heading-title.elementor-size-medium{font-size:19px}.elementor-widget-heading .elementor-heading-title.elementor-size-large{font-size:29px}.elementor-widget-heading .elementor-heading-title.elementor-size-xl{font-size:39px}.elementor-widget-heading .elementor-heading-title.elementor-size-xxl{font-size:59px}<\/style><h2 class=\"elementor-heading-title elementor-size-default\">Vad kostar det?<\/h2>\t\t<\/div>\n\t\t\t\t<\/div>\n\t\t\t\t<div class=\"elementor-element elementor-element-8334f12 elementor-widget elementor-widget-text-editor\" data-id=\"8334f12\" data-element_type=\"widget\" data-widget_type=\"text-editor.default\">\n\t\t\t\t<div class=\"elementor-widget-container\">\n\t\t\t\t\t\t\t<p>Vad ett helt k\u00f6k skulle kosta \u00e4r om\u00f6jligt att svara p\u00e5. Det \u00e4r s\u00e5 m\u00e5nga val som spelar in. K\u00f6ket p\u00e5 bilden ovan skulle kosta 277 810 kronor installerat och klart. Det kan l\u00e5ta dyrt, men d\u00e5 ing\u00e5r allt, blandare, vitvaror, ny el i hela k\u00f6ket, uppgradering av elcentral vid behov, r\u00f6rmokeri samt demontering och montering. K\u00f6ket \u00e4r \u00e4ven fullutrustat med tillbeh\u00f6r, varenda l\u00e5da har en insats som \u00e4r anpassad f\u00f6r l\u00e5dans syfte. Observera k\u00f6ket \u00e4r tv\u00e5sidigt och ena sidan inte syns p\u00e5 bilden.<\/p>\t\t\t\t\t\t<\/div>\n\t\t\t\t<\/div>\n\t\t\t\t\t<\/div>\n\t\t<\/div>\n\t\t\t\t\t\t\t<\/div>\n\t\t<\/section>\n\t\t\t\t<section class=\"elementor-section elementor-top-section elementor-element elementor-element-a4ed60d elementor-section-boxed elementor-section-height-default elementor-section-height-default\" data-id=\"a4ed60d\" data-element_type=\"section\">\n\t\t\t\t\t\t<div class=\"elementor-container elementor-column-gap-default\">\n\t\t\t\t\t<div class=\"elementor-column elementor-col-100 elementor-top-column elementor-element elementor-element-8cd368b\" data-id=\"8cd368b\" data-element_type=\"column\">\n\t\t\t<div class=\"elementor-widget-wrap elementor-element-populated\">\n\t\t\t\t\t\t\t\t<div class=\"elementor-element elementor-element-18c507b elementor-button-align-stretch elementor-widget elementor-widget-form\" data-id=\"18c507b\" data-element_type=\"widget\" data-settings=\"{&quot;step_next_label&quot;:&quot;Next&quot;,&quot;step_previous_label&quot;:&quot;Previous&quot;,&quot;button_width&quot;:&quot;100&quot;,&quot;step_type&quot;:&quot;number_text&quot;,&quot;step_icon_shape&quot;:&quot;circle&quot;}\" data-widget_type=\"form.default\">\n\t\t\t\t<div class=\"elementor-widget-container\">\n\t\t\t<style>\/*! elementor-pro - v3.5.2 - 28-11-2021 *\/\n.elementor-button.elementor-hidden,.elementor-hidden{display:none}.e-form__step{width:100%}.e-form__step:not(.elementor-hidden){display:-webkit-box;display:-ms-flexbox;display:flex;-ms-flex-wrap:wrap;flex-wrap:wrap}.e-form__buttons{-ms-flex-wrap:wrap;flex-wrap:wrap}.e-form__buttons,.e-form__buttons__wrapper{display:-webkit-box;display:-ms-flexbox;display:flex}.e-form__indicators{-webkit-box-pack:justify;-ms-flex-pack:justify;justify-content:space-between;-ms-flex-wrap:nowrap;flex-wrap:nowrap;font-size:13px;margin-bottom:var(--e-form-steps-indicators-spacing)}.e-form__indicators,.e-form__indicators__indicator{display:-webkit-box;display:-ms-flexbox;display:flex;-webkit-box-align:center;-ms-flex-align:center;align-items:center}.e-form__indicators__indicator{-webkit-box-orient:vertical;-webkit-box-direction:normal;-ms-flex-direction:column;flex-direction:column;-webkit-box-pack:center;-ms-flex-pack:center;justify-content:center;-ms-flex-preferred-size:0;flex-basis:0;padding:0 var(--e-form-steps-divider-gap)}.e-form__indicators__indicator__progress{width:100%;position:relative;background-color:var(--e-form-steps-indicator-progress-background-color);border-radius:var(--e-form-steps-indicator-progress-border-radius);overflow:hidden}.e-form__indicators__indicator__progress__meter{width:var(--e-form-steps-indicator-progress-meter-width,0);height:var(--e-form-steps-indicator-progress-height);line-height:var(--e-form-steps-indicator-progress-height);padding-right:15px;border-radius:var(--e-form-steps-indicator-progress-border-radius);background-color:var(--e-form-steps-indicator-progress-color);color:var(--e-form-steps-indicator-progress-meter-color);text-align:right;-webkit-transition:width .1s linear;-o-transition:width .1s linear;transition:width .1s linear}.e-form__indicators__indicator:first-child{padding-left:0}.e-form__indicators__indicator:last-child{padding-right:0}.e-form__indicators__indicator--state-inactive{color:var(--e-form-steps-indicator-inactive-primary-color,#c2cbd2)}.e-form__indicators__indicator--state-inactive [class*=indicator--shape-]:not(.e-form__indicators__indicator--shape-none){background-color:var(--e-form-steps-indicator-inactive-secondary-color,#fff)}.e-form__indicators__indicator--state-inactive object,.e-form__indicators__indicator--state-inactive svg{fill:var(--e-form-steps-indicator-inactive-primary-color,#c2cbd2)}.e-form__indicators__indicator--state-active{color:var(--e-form-steps-indicator-active-primary-color,#39b54a);border-color:var(--e-form-steps-indicator-active-secondary-color,#fff)}.e-form__indicators__indicator--state-active [class*=indicator--shape-]:not(.e-form__indicators__indicator--shape-none){background-color:var(--e-form-steps-indicator-active-secondary-color,#fff)}.e-form__indicators__indicator--state-active object,.e-form__indicators__indicator--state-active svg{fill:var(--e-form-steps-indicator-active-primary-color,#39b54a)}.e-form__indicators__indicator--state-completed{color:var(--e-form-steps-indicator-completed-secondary-color,#fff)}.e-form__indicators__indicator--state-completed [class*=indicator--shape-]:not(.e-form__indicators__indicator--shape-none){background-color:var(--e-form-steps-indicator-completed-primary-color,#39b54a)}.e-form__indicators__indicator--state-completed .e-form__indicators__indicator__label{color:var(--e-form-steps-indicator-completed-primary-color,#39b54a)}.e-form__indicators__indicator--state-completed .e-form__indicators__indicator--shape-none{color:var(--e-form-steps-indicator-completed-primary-color,#39b54a);background-color:initial}.e-form__indicators__indicator--state-completed object,.e-form__indicators__indicator--state-completed svg{fill:var(--e-form-steps-indicator-completed-secondary-color,#fff)}.e-form__indicators__indicator__icon{width:var(--e-form-steps-indicator-padding,30px);height:var(--e-form-steps-indicator-padding,30px);font-size:var(--e-form-steps-indicator-icon-size);border-width:1px;border-style:solid;display:-webkit-box;display:-ms-flexbox;display:flex;-webkit-box-pack:center;-ms-flex-pack:center;justify-content:center;-webkit-box-align:center;-ms-flex-align:center;align-items:center;overflow:hidden;margin-bottom:10px}.e-form__indicators__indicator__icon img,.e-form__indicators__indicator__icon object,.e-form__indicators__indicator__icon svg{width:var(--e-form-steps-indicator-icon-size);height:auto}.e-form__indicators__indicator__icon .e-font-icon-svg{height:1em}.e-form__indicators__indicator__number{width:var(--e-form-steps-indicator-padding,30px);height:var(--e-form-steps-indicator-padding,30px);border-width:1px;border-style:solid;display:-webkit-box;display:-ms-flexbox;display:flex;-webkit-box-pack:center;-ms-flex-pack:center;justify-content:center;-webkit-box-align:center;-ms-flex-align:center;align-items:center;margin-bottom:10px}.e-form__indicators__indicator--shape-circle{border-radius:50%}.e-form__indicators__indicator--shape-square{border-radius:0}.e-form__indicators__indicator--shape-rounded{border-radius:5px}.e-form__indicators__indicator--shape-none{border:0}.e-form__indicators__indicator__label{text-align:center}.e-form__indicators__indicator__separator{width:100%;height:var(--e-form-steps-divider-width);background-color:#c2cbd2}.e-form__indicators--type-icon,.e-form__indicators--type-icon_text,.e-form__indicators--type-number,.e-form__indicators--type-number_text{-webkit-box-align:start;-ms-flex-align:start;align-items:flex-start}.e-form__indicators--type-icon .e-form__indicators__indicator__separator,.e-form__indicators--type-icon_text .e-form__indicators__indicator__separator,.e-form__indicators--type-number .e-form__indicators__indicator__separator,.e-form__indicators--type-number_text .e-form__indicators__indicator__separator{margin-top:calc(var(--e-form-steps-indicator-padding, 30px) \/ 2 - var(--e-form-steps-divider-width, 1px) \/ 2)}.elementor-field-type-hidden{display:none}.elementor-field-type-html{display:inline-block}.elementor-login .elementor-lost-password,.elementor-login .elementor-remember-me{font-size:.85em}.elementor-field-type-recaptcha_v3 .elementor-field-label{display:none}.elementor-field-type-recaptcha_v3 .grecaptcha-badge{z-index:1}.elementor-button .elementor-form-spinner{-webkit-box-ordinal-group:4;-ms-flex-order:3;order:3}.elementor-form .elementor-button>span{display:-webkit-box;display:-ms-flexbox;display:flex;-webkit-box-pack:center;-ms-flex-pack:center;justify-content:center;-webkit-box-align:center;-ms-flex-align:center;align-items:center}.elementor-form .elementor-button .elementor-button-text{white-space:normal;-webkit-box-flex:0;-ms-flex-positive:0;flex-grow:0}.elementor-form .elementor-button svg{height:auto}.elementor-form .elementor-button .e-font-icon-svg{height:1em}<\/style>\t\t<form class=\"elementor-form\" method=\"post\" name=\"New Form\">\n\t\t\t<input type=\"hidden\" name=\"post_id\" value=\"44\"\/>\n\t\t\t<input type=\"hidden\" name=\"form_id\" value=\"18c507b\"\/>\n\t\t\t<input type=\"hidden\" name=\"referer_title\" value=\"Klar\u00e4lvsk\u00f6k\" \/>\n\n\t\t\t\n\t\t\t<div class=\"elementor-form-fields-wrapper elementor-labels-above\">\n\t\t\t\t\t\t\t\t<div class=\"elementor-field-type-text elementor-field-group elementor-column elementor-field-group-name elementor-col-100 elementor-field-required\">\n\t\t\t\t\t\t\t\t\t\t\t\t<label for=\"form-field-name\" class=\"elementor-field-label\">\n\t\t\t\t\t\t\t\tNamn\t\t\t\t\t\t\t<\/label>\n\t\t\t\t\t\t\t\t\t\t\t\t\t\t<input size=\"1\" type=\"text\" name=\"form_fields[name]\" id=\"form-field-name\" class=\"elementor-field elementor-size-sm  elementor-field-textual\" placeholder=\"Namn\" required=\"required\" aria-required=\"true\">\n\t\t\t\t\t\t\t\t\t\t\t<\/div>\n\t\t\t\t\t\t\t\t<div class=\"elementor-field-type-email elementor-field-group elementor-column elementor-field-group-email elementor-col-100 elementor-field-required\">\n\t\t\t\t\t\t\t\t\t\t\t\t<label for=\"form-field-email\" class=\"elementor-field-label\">\n\t\t\t\t\t\t\t\tEmail\t\t\t\t\t\t\t<\/label>\n\t\t\t\t\t\t\t\t\t\t\t\t\t\t<input size=\"1\" type=\"email\" name=\"form_fields[email]\" id=\"form-field-email\" class=\"elementor-field elementor-size-sm  elementor-field-textual\" placeholder=\"Email\" required=\"required\" aria-required=\"true\">\n\t\t\t\t\t\t\t\t\t\t\t<\/div>\n\t\t\t\t\t\t\t\t<div class=\"elementor-field-type-text elementor-field-group elementor-column elementor-field-group-field_8a2ca1f elementor-col-100 elementor-field-required\">\n\t\t\t\t\t\t\t\t\t\t\t\t<label for=\"form-field-field_8a2ca1f\" class=\"elementor-field-label\">\n\t\t\t\t\t\t\t\tKommun\t\t\t\t\t\t\t<\/label>\n\t\t\t\t\t\t\t\t\t\t\t\t\t\t<input size=\"1\" type=\"text\" name=\"form_fields[field_8a2ca1f]\" id=\"form-field-field_8a2ca1f\" class=\"elementor-field elementor-size-sm  elementor-field-textual\" placeholder=\"Kommun\" required=\"required\" aria-required=\"true\">\n\t\t\t\t\t\t\t\t\t\t\t<\/div>\n\t\t\t\t\t\t\t\t<div class=\"elementor-field-type-text elementor-field-group elementor-column elementor-field-group-message elementor-col-100 elementor-field-required\">\n\t\t\t\t\t\t\t\t\t\t\t\t<label for=\"form-field-message\" class=\"elementor-field-label\">\n\t\t\t\t\t\t\t\tVilket datum och tid passar f\u00f6r er?\t\t\t\t\t\t\t<\/label>\n\t\t\t\t\t\t\t\t\t\t\t\t\t\t<input size=\"1\" type=\"text\" name=\"form_fields[message]\" id=\"form-field-message\" class=\"elementor-field elementor-size-sm  elementor-field-textual\" placeholder=\"1\/1-2030 kl 16:00\" required=\"required\" aria-required=\"true\">\n\t\t\t\t\t\t\t\t\t\t\t<\/div>\n\t\t\t\t\t\t\t\t<div class=\"elementor-field-type-number elementor-field-group elementor-column elementor-field-group-field_ae9beb7 elementor-col-100 elementor-field-required\">\n\t\t\t\t\t\t\t\t\t\t\t\t<label for=\"form-field-field_ae9beb7\" class=\"elementor-field-label\">\n\t\t\t\t\t\t\t\tBudget\t\t\t\t\t\t\t<\/label>\n\t\t\t\t\t\t\t\t\t<input type=\"number\" name=\"form_fields[field_ae9beb7]\" id=\"form-field-field_ae9beb7\" class=\"elementor-field elementor-size-sm  elementor-field-textual\" placeholder=\"225 000\" required=\"required\" aria-required=\"true\" min=\"150000\" max=\"500000\" >\n\t\t\t\t\t\t<\/div>\n\t\t\t\t\t\t\t\t<div class=\"elementor-field-group elementor-column elementor-field-type-submit elementor-col-100 e-form__buttons\">\n\t\t\t\t\t<button type=\"submit\" class=\"elementor-button elementor-size-sm\">\n\t\t\t\t\t\t<span >\n\t\t\t\t\t\t\t\t\t\t\t\t\t\t\t<span class=\" elementor-button-icon\">\n\t\t\t\t\t\t\t\t\t\t\t\t\t\t\t\t\t\t\t\t\t\t\t\t\t\t<\/span>\n\t\t\t\t\t\t\t\t\t\t\t\t\t\t\t\t\t\t\t\t\t\t<span class=\"elementor-button-text\">Skicka<\/span>\n\t\t\t\t\t\t\t\t\t\t\t\t\t<\/span>\n\t\t\t\t\t<\/button>\n\t\t\t\t<\/div>\n\t\t\t<\/div>\n\t\t<\/form>\n\t\t\t\t<\/div>\n\t\t\t\t<\/div>\n\t\t\t\t\t<\/div>\n\t\t<\/div>\n\t\t\t\t\t\t\t<\/div>\n\t\t<\/section>\n\t\t\t\t\t\t<\/div>\n\t\t\t\t\t<\/div>\n\t\t","protected":false},"excerpt":{"rendered":"<p>N\u00e4r du bokar en tid h\u00e4r f\u00e5r du sitta ner i v\u00e5r butik i \u00d6rebro i tre timmar med en k\u00f6ksexpert och planera ditt k\u00f6k. Du m\u00e5ste sj\u00e4lv ta med m\u00e5tten p\u00e5 ditt k\u00f6k. Vid order \u00e5ker vi hem till dig och kontrollm\u00e4ter allt, vi tar allts\u00e5 ansvar f\u00f6r alla m\u00e5tt. Fyll i formul\u00e4ret nedan [&hellip;]<\/p>\n","protected":false},"author":1,"featured_media":0,"parent":0,"menu_order":0,"comment_status":"closed","ping_status":"closed","template":"","meta":{"footnotes":""},"class_list":["post-44","page","type-page","status-publish","hentry"],"yoast_head":"<!-- This site is optimized with the Yoast SEO plugin v24.5 - https:\/\/yoast.com\/wordpress\/plugins\/seo\/ -->\n<title>Boka k\u00f6ksplanering i butik - Klar\u00e4lvsk\u00f6k<\/title>\n<meta name=\"robots\" content=\"index, follow, max-snippet:-1, max-image-preview:large, max-video-preview:-1\" \/>\n<link rel=\"canonical\" href=\"https:\/\/test.narkekok.se\/index.php\/boka-koksplanering-i-butik\/\" \/>\n<meta property=\"og:locale\" content=\"sv_SE\" \/>\n<meta property=\"og:type\" content=\"article\" \/>\n<meta property=\"og:title\" content=\"Boka k\u00f6ksplanering i butik - Klar\u00e4lvsk\u00f6k\" \/>\n<meta property=\"og:description\" content=\"N\u00e4r du bokar en tid h\u00e4r f\u00e5r du sitta ner i v\u00e5r butik i \u00d6rebro i tre timmar med en k\u00f6ksexpert och planera ditt k\u00f6k. Du m\u00e5ste sj\u00e4lv ta med m\u00e5tten p\u00e5 ditt k\u00f6k. Vid order \u00e5ker vi hem till dig och kontrollm\u00e4ter allt, vi tar allts\u00e5 ansvar f\u00f6r alla m\u00e5tt. Fyll i formul\u00e4ret nedan [&hellip;]\" \/>\n<meta property=\"og:url\" content=\"https:\/\/test.narkekok.se\/index.php\/boka-koksplanering-i-butik\/\" \/>\n<meta property=\"og:site_name\" content=\"Klar\u00e4lvsk\u00f6k\" \/>\n<meta property=\"article:modified_time\" content=\"2025-02-19T15:50:41+00:00\" \/>\n<meta property=\"og:image\" content=\"https:\/\/test.narkekok.se\/wp-content\/uploads\/2025\/02\/Skarmbild-2025-02-19-164421-1024x590.png\" \/>\n<meta name=\"twitter:card\" content=\"summary_large_image\" \/>\n<meta name=\"twitter:label1\" content=\"Ber\u00e4knad l\u00e4stid\" \/>\n\t<meta name=\"twitter:data1\" content=\"2 minuter\" \/>\n<script type=\"application\/ld+json\" class=\"yoast-schema-graph\">{\"@context\":\"https:\/\/schema.org\",\"@graph\":[{\"@type\":\"WebPage\",\"@id\":\"https:\/\/test.narkekok.se\/index.php\/boka-koksplanering-i-butik\/\",\"url\":\"https:\/\/test.narkekok.se\/index.php\/boka-koksplanering-i-butik\/\",\"name\":\"Boka k\u00f6ksplanering i butik - Klar\u00e4lvsk\u00f6k\",\"isPartOf\":{\"@id\":\"https:\/\/test.narkekok.se\/#website\"},\"primaryImageOfPage\":{\"@id\":\"https:\/\/test.narkekok.se\/index.php\/boka-koksplanering-i-butik\/#primaryimage\"},\"image\":{\"@id\":\"https:\/\/test.narkekok.se\/index.php\/boka-koksplanering-i-butik\/#primaryimage\"},\"thumbnailUrl\":\"https:\/\/test.narkekok.se\/wp-content\/uploads\/2025\/02\/Skarmbild-2025-02-19-164421-1024x590.png\",\"datePublished\":\"2025-02-19T14:17:42+00:00\",\"dateModified\":\"2025-02-19T15:50:41+00:00\",\"breadcrumb\":{\"@id\":\"https:\/\/test.narkekok.se\/index.php\/boka-koksplanering-i-butik\/#breadcrumb\"},\"inLanguage\":\"sv-SE\",\"potentialAction\":[{\"@type\":\"ReadAction\",\"target\":[\"https:\/\/test.narkekok.se\/index.php\/boka-koksplanering-i-butik\/\"]}]},{\"@type\":\"ImageObject\",\"inLanguage\":\"sv-SE\",\"@id\":\"https:\/\/test.narkekok.se\/index.php\/boka-koksplanering-i-butik\/#primaryimage\",\"url\":\"https:\/\/test.narkekok.se\/wp-content\/uploads\/2025\/02\/Skarmbild-2025-02-19-164421.png\",\"contentUrl\":\"https:\/\/test.narkekok.se\/wp-content\/uploads\/2025\/02\/Skarmbild-2025-02-19-164421.png\",\"width\":2131,\"height\":1227},{\"@type\":\"BreadcrumbList\",\"@id\":\"https:\/\/test.narkekok.se\/index.php\/boka-koksplanering-i-butik\/#breadcrumb\",\"itemListElement\":[{\"@type\":\"ListItem\",\"position\":1,\"name\":\"Hem\",\"item\":\"https:\/\/test.narkekok.se\/\"},{\"@type\":\"ListItem\",\"position\":2,\"name\":\"Boka k\u00f6ksplanering i butik\"}]},{\"@type\":\"WebSite\",\"@id\":\"https:\/\/test.narkekok.se\/#website\",\"url\":\"https:\/\/test.narkekok.se\/\",\"name\":\"Klar\u00e4lvsk\u00f6k\",\"description\":\"\",\"potentialAction\":[{\"@type\":\"SearchAction\",\"target\":{\"@type\":\"EntryPoint\",\"urlTemplate\":\"https:\/\/test.narkekok.se\/?s={search_term_string}\"},\"query-input\":{\"@type\":\"PropertyValueSpecification\",\"valueRequired\":true,\"valueName\":\"search_term_string\"}}],\"inLanguage\":\"sv-SE\"}]}<\/script>\n<!-- \/ Yoast SEO plugin. -->","yoast_head_json":{"title":"Boka k\u00f6ksplanering i butik - Klar\u00e4lvsk\u00f6k","robots":{"index":"index","follow":"follow","max-snippet":"max-snippet:-1","max-image-preview":"max-image-preview:large","max-video-preview":"max-video-preview:-1"},"canonical":"https:\/\/test.narkekok.se\/index.php\/boka-koksplanering-i-butik\/","og_locale":"sv_SE","og_type":"article","og_title":"Boka k\u00f6ksplanering i butik - Klar\u00e4lvsk\u00f6k","og_description":"N\u00e4r du bokar en tid h\u00e4r f\u00e5r du sitta ner i v\u00e5r butik i \u00d6rebro i tre timmar med en k\u00f6ksexpert och planera ditt k\u00f6k. Du m\u00e5ste sj\u00e4lv ta med m\u00e5tten p\u00e5 ditt k\u00f6k. Vid order \u00e5ker vi hem till dig och kontrollm\u00e4ter allt, vi tar allts\u00e5 ansvar f\u00f6r alla m\u00e5tt. Fyll i formul\u00e4ret nedan [&hellip;]","og_url":"https:\/\/test.narkekok.se\/index.php\/boka-koksplanering-i-butik\/","og_site_name":"Klar\u00e4lvsk\u00f6k","article_modified_time":"2025-02-19T15:50:41+00:00","og_image":[{"url":"https:\/\/test.narkekok.se\/wp-content\/uploads\/2025\/02\/Skarmbild-2025-02-19-164421-1024x590.png","type":"","width":"","height":""}],"twitter_card":"summary_large_image","twitter_misc":{"Ber\u00e4knad l\u00e4stid":"2 minuter"},"schema":{"@context":"https:\/\/schema.org","@graph":[{"@type":"WebPage","@id":"https:\/\/test.narkekok.se\/index.php\/boka-koksplanering-i-butik\/","url":"https:\/\/test.narkekok.se\/index.php\/boka-koksplanering-i-butik\/","name":"Boka k\u00f6ksplanering i butik - Klar\u00e4lvsk\u00f6k","isPartOf":{"@id":"https:\/\/test.narkekok.se\/#website"},"primaryImageOfPage":{"@id":"https:\/\/test.narkekok.se\/index.php\/boka-koksplanering-i-butik\/#primaryimage"},"image":{"@id":"https:\/\/test.narkekok.se\/index.php\/boka-koksplanering-i-butik\/#primaryimage"},"thumbnailUrl":"https:\/\/test.narkekok.se\/wp-content\/uploads\/2025\/02\/Skarmbild-2025-02-19-164421-1024x590.png","datePublished":"2025-02-19T14:17:42+00:00","dateModified":"2025-02-19T15:50:41+00:00","breadcrumb":{"@id":"https:\/\/test.narkekok.se\/index.php\/boka-koksplanering-i-butik\/#breadcrumb"},"inLanguage":"sv-SE","potentialAction":[{"@type":"ReadAction","target":["https:\/\/test.narkekok.se\/index.php\/boka-koksplanering-i-butik\/"]}]},{"@type":"ImageObject","inLanguage":"sv-SE","@id":"https:\/\/test.narkekok.se\/index.php\/boka-koksplanering-i-butik\/#primaryimage","url":"https:\/\/test.narkekok.se\/wp-content\/uploads\/2025\/02\/Skarmbild-2025-02-19-164421.png","contentUrl":"https:\/\/test.narkekok.se\/wp-content\/uploads\/2025\/02\/Skarmbild-2025-02-19-164421.png","width":2131,"height":1227},{"@type":"BreadcrumbList","@id":"https:\/\/test.narkekok.se\/index.php\/boka-koksplanering-i-butik\/#breadcrumb","itemListElement":[{"@type":"ListItem","position":1,"name":"Hem","item":"https:\/\/test.narkekok.se\/"},{"@type":"ListItem","position":2,"name":"Boka k\u00f6ksplanering i butik"}]},{"@type":"WebSite","@id":"https:\/\/test.narkekok.se\/#website","url":"https:\/\/test.narkekok.se\/","name":"Klar\u00e4lvsk\u00f6k","description":"","potentialAction":[{"@type":"SearchAction","target":{"@type":"EntryPoint","urlTemplate":"https:\/\/test.narkekok.se\/?s={search_term_string}"},"query-input":{"@type":"PropertyValueSpecification","valueRequired":true,"valueName":"search_term_string"}}],"inLanguage":"sv-SE"}]}},"_links":{"self":[{"href":"https:\/\/test.narkekok.se\/index.php\/wp-json\/wp\/v2\/pages\/44","targetHints":{"allow":["GET"]}}],"collection":[{"href":"https:\/\/test.narkekok.se\/index.php\/wp-json\/wp\/v2\/pages"}],"about":[{"href":"https:\/\/test.narkekok.se\/index.php\/wp-json\/wp\/v2\/types\/page"}],"author":[{"embeddable":true,"href":"https:\/\/test.narkekok.se\/index.php\/wp-json\/wp\/v2\/users\/1"}],"replies":[{"embeddable":true,"href":"https:\/\/test.narkekok.se\/index.php\/wp-json\/wp\/v2\/comments?post=44"}],"version-history":[{"count":17,"href":"https:\/\/test.narkekok.se\/index.php\/wp-json\/wp\/v2\/pages\/44\/revisions"}],"predecessor-version":[{"id":220,"href":"https:\/\/test.narkekok.se\/index.php\/wp-json\/wp\/v2\/pages\/44\/revisions\/220"}],"wp:attachment":[{"href":"https:\/\/test.narkekok.se\/index.php\/wp-json\/wp\/v2\/media?parent=44"}],"curies":[{"name":"wp","href":"https:\/\/api.w.org\/{rel}","templated":true}]}}